{"id":973,"date":"2015-05-20T13:28:06","date_gmt":"2015-05-20T11:28:06","guid":{"rendered":"http:\/\/www.kursstudio.de\/?page_id=973"},"modified":"2026-03-16T22:28:38","modified_gmt":"2026-03-16T20:28:38","slug":"kurse-news-2","status":"publish","type":"page","link":"http:\/\/www.kursstudio.de\/?page_id=973","title":{"rendered":"Infos und News"},"content":{"rendered":"<section class=\"wpb-content-wrapper\"><p>[vc_row enable_grid_lines=&#8220;&#8220;][vc_column][vc_empty_space][vc_cta h2=&#8220;Aktuelle News (Aktionen, neue Kursangebote,&#8230;)&#8220; txt_align=&#8220;center&#8220;][\/vc_cta][\/vc_column][\/vc_row][vc_row enable_grid_lines=&#8220;&#8220;][vc_column width=&#8220;1\/3&#8243;][vc_single_image image=&#8220;5057&#8243; img_size=&#8220;medium&#8220; onclick=&#8220;img_link_large&#8220;][vc_empty_space][\/vc_column][vc_column width=&#8220;1\/3&#8243;][vc_single_image image=&#8220;5058&#8243; img_size=&#8220;medium&#8220; onclick=&#8220;img_link_large&#8220;][vc_empty_space][\/vc_column][\/vc_row][vc_row enable_grid_lines=&#8220;&#8220;][vc_column width=&#8220;1\/3&#8243;][\/vc_column][vc_column width=&#8220;1\/3&#8243;][\/vc_column][vc_column width=&#8220;1\/3&#8243;][\/vc_column][\/vc_row][vc_row enable_grid_lines=&#8220;&#8220;][vc_column][vc_empty_space][vc_cta h2=&#8220;Buche deine Stunden ab sofort online&#8220; txt_align=&#8220;center&#8220;][\/vc_cta][\/vc_column][\/vc_row][vc_row enable_grid_lines=&#8220;&#8220;][vc_column width=&#8220;1\/3&#8243;][vc_empty_space][vc_btn title=&#8220;Buchungen \u00fcber die Website&#8220; color=&#8220;danger&#8220; align=&#8220;center&#8220; link=&#8220;url:http%3A%2F%2Fwww.kursstudio.de%2F%3Fpage_id%3D1690&#8243;][\/vc_column][vc_column width=&#8220;1\/3&#8243;][vc_empty_space][vc_btn title=&#8220;\u00dcber den App Store von Apple (IOS)&#8220; color=&#8220;danger&#8220; align=&#8220;center&#8220; link=&#8220;url:https%3A%2F%2Fapps.apple.com%2Fde%2Fapp%2Feversports-buche-finde-sport%2Fid946460861|target:_blank&#8220;][\/vc_column][vc_column width=&#8220;1\/3&#8243;][vc_empty_space][vc_btn title=&#8220;\u00dcber den App Store von Google (Android)&#8220; color=&#8220;danger&#8220; align=&#8220;center&#8220; link=&#8220;url:https%3A%2F%2Fplay.google.com%2Fstore%2Fapps%2Fdetails%3Fid%3Dat.eversport%26hl%3Dde_AT|target:_blank&#8220;][\/vc_column][\/vc_row][vc_row enable_grid_lines=&#8220;&#8220;][vc_column][vc_empty_space][\/vc_column][\/vc_row][vc_row enable_grid_lines=&#8220;&#8220; simple_background_color=&#8220;#f5efec&#8220;][vc_column width=&#8220;1\/6&#8243;][\/vc_column][vc_column width=&#8220;2\/3&#8243;][vc_custom_heading text=&#8220;FAQs &#8211; Unser neues Kurskonzept&#8220; font_container=&#8220;tag:h3|text_align:left&#8220; use_theme_fonts=&#8220;yes&#8220;][vc_column_text]<span style=\"color: #000000;\">In den folgenden Reitern, erf\u00e4hrst du alles zum Konzept, Kosten und Buchungsm\u00f6glichkeiten.<\/span><\/p>\n<p><span style=\"color: #000000;\">Solltest du weitere Fragen haben, melde dich gerne bei uns unter 0157 53 67 51 84<\/span>[\/vc_column_text][vc_empty_space][vc_tta_tabs style=&#8220;modern&#8220; active_section=&#8220;1&#8243; css=&#8220;.vc_custom_1703667159849{background-color: #f5efec !important;}&#8220;][vc_tta_section title=&#8220;KONZEPT&#8220; tab_id=&#8220;1475569789470-4a7e00b7-936faa7e-ffd7&#8243;][vc_empty_space][vc_column_text]<strong>Wie sieht das neue Kurskonzept aus?<\/strong><\/p>\n<p class=\"cvGsUA direction-ltr align-start para-style-body\"><span class=\"OYPEnA text-decoration-none text-strikethrough-none\">Wir bieten k\u00fcnftig ein Kursformat an, dass dem der Volkshochschulen entspricht.<\/span><\/p>\n<p class=\"cvGsUA direction-ltr align-start para-style-body\"><span class=\"OYPEnA text-decoration-none text-strikethrough-none\">Das hei\u00dft, du kannst ab 8. Januar 2024 f\u00fcr jeweils z.B. 5 Wochen deine Kurse buchen. Zuk\u00fcnftig sind auch 6-Wochen-, 8-Wochen- und 10-Wochen Kurse geplant.<\/span><\/p>\n<p class=\"cvGsUA direction-ltr align-start para-style-body\"><span class=\"OYPEnA text-decoration-none text-strikethrough-none\">Die Kurse k\u00f6nnen nur als Ganzes gebucht werden. Wenn du beispielswei\u00dfe einen 5-er Kurs Step Aerobic buchst, finden die Termine an den darauffolgenden Mittwochen f\u00fcr 5 Wochen hintereinander statt.<\/span><\/p>\n<p class=\"cvGsUA direction-ltr align-start para-style-body\"><span class=\"OYPEnA text-decoration-none text-strikethrough-none\">Die Teilnehmerzahlen der Kurse sind begrenzt. <\/span><span class=\"OYPEnA text-decoration-none text-strikethrough-none\">Bei Buchung hast du eine Platzgarantie. <\/span><\/p>\n<p>Sollte ein Kurs nicht voll ausgebucht sein, kann auch ein Einzelticket f\u00fcr eine Kursstunde erworben werden. Bis das Online-Buchungssystem vorhanden ist, kontaktiere bitte den jeweiligen Trainer.<\/p>\n<p><span class=\"OYPEnA text-decoration-none text-strikethrough-none\">Im Fr\u00fchjahr\/Sommer finden die Kurse, wie gewohnt, im Freien auf unseren Au\u00dfenb\u00fchnen statt.<\/span>[\/vc_column_text][vc_empty_space][\/vc_tta_section][vc_tta_section title=&#8220;KOSTEN&#8220; tab_id=&#8220;1474979016000-b7d82cbb-ff6daa7e-ffd7&#8243;][vc_empty_space][vc_column_text]<strong>Wie viel kostet ein 5er Kurs?<\/strong><\/p>\n<p class=\"cvGsUA direction-ltr align-start para-style-body\"><span class=\"OYPEnA text-decoration-none text-strikethrough-none\">Die Kosten f\u00fcr die 5er-Kurse betragen:<\/span><\/p>\n<p><span class=\"OYPEnA text-decoration-none text-strikethrough-none\">90 min-Kurse= 60 Euro f\u00fcr 5 mal<\/span><\/p>\n<p><span class=\"OYPEnA text-decoration-none text-strikethrough-none\">60min-Kurse = 50 Euro f\u00fcr 5 mal<\/span><\/p>\n<p><span class=\"OYPEnA text-decoration-none text-strikethrough-none\">40min-Kurse = 40 Euro f\u00fcr 5 mal<\/span><\/p>\n<p><span class=\"OYPEnA text-decoration-none text-strikethrough-none\">Purzelbaumstunde f\u00fcr Kleinkinder = <\/span><span class=\"OYPEnA text-decoration-none text-strikethrough-none\">40\u20ac f\u00fcr 5 mal<\/span><\/p>\n<p>JUMPING Fitness &#8211; Kurse = 50 \u20ac f\u00fcr 5 mal<\/p>\n<p><span class=\"OYPEnA text-decoration-none text-strikethrough-none\">Einzeltickets: <\/span><\/p>\n<p class=\"cvGsUA direction-ltr align-start para-style-body\"><span class=\"OYPEnA text-decoration-none text-strikethrough-none\">15 Euro pro<\/span> <span class=\"OYPEnA text-decoration-none text-strikethrough-none\">Kursstunde (60 Min),<\/span><\/p>\n<p class=\"cvGsUA direction-ltr align-start para-style-body\"><span class=\"OYPEnA text-decoration-none text-strikethrough-none\">10 Euro pro Kursstunde (60 Min) f\u00fcr unsere ehemaligen Mitglieder im Jahr 2023 (bitte sprecht uns hierzu an.)<\/span><\/p>\n<p class=\"cvGsUA direction-ltr align-start para-style-body\"><span class=\"OYPEnA text-decoration-none text-strikethrough-none\">Die Kursgeb\u00fchren belaufen sich auf den gebuchten Zeitraum, nicht auf die Teilnahme.<\/span><\/p>\n<p><strong>Kann ich auch Einzeltickets erwerben?<\/strong><\/p>\n<p>Ja, wenn der Kurs nicht voll ausgebucht ist. In unserem Buchungssystem kannst du einfach und schnell einsehen, ob noch Pl\u00e4tze frei sind.[\/vc_column_text][vc_empty_space][\/vc_tta_section][vc_tta_section title=&#8220;BUCHUNGSM\u00d6GLICHKEITEN&#8220; tab_id=&#8220;1703606486909-cd506b95-3376&#8243;][vc_empty_space][vc_column_text]<strong>Wie kann ich mich anmelden?<\/strong><\/p>\n<p>Die Anmeldung erfolgt \u00fcber ein Buchungssystem auf dieser Seite. Dann kannst du sehen, wo noch Pl\u00e4tze frei sind und die Buchungen bequem und einfach online durchf\u00fchren und bezahlen. Gerne kannst du dir auch die Eversport App herunterladen.<\/p>\n<p><strong>Kann ich mich auch nur f\u00fcr eine Stunde anmelden?<\/strong><\/p>\n<p>Ja, f\u00fcr ausgew\u00e4hlte und nicht ausgebuchte Kurse. Dies \u00fcber unser Online Buchungssystem auf dieser Homepage einfach und bequem m\u00f6glich.[\/vc_column_text][vc_empty_space][\/vc_tta_section][\/vc_tta_tabs][\/vc_column][vc_column width=&#8220;1\/6&#8243;][\/vc_column][\/vc_row][vc_row enable_grid_lines=&#8220;&#8220;][vc_column][vc_empty_space][\/vc_column][\/vc_row][vc_row full_width=&#8220;stretch_row&#8220; parallax=&#8220;content-moving&#8220; enable_grid_lines=&#8220;&#8220; css=&#8220;.vc_custom_1703667973756{padding-top: 100px !important;padding-bottom: 100px !important;background-color: #ee826c !important;background-position: center;background-repeat: no-repeat !important;background-size: contain !important;}&#8220;][vc_column][vc_icon type=&#8220;material&#8220; icon_material=&#8220;vc-material vc-material-chat&#8220; color=&#8220;white&#8220; size=&#8220;xl&#8220; align=&#8220;center&#8220;][vc_custom_heading text=&#8220;Eine pers\u00f6nliche Nachricht an euch&#8220; font_container=&#8220;tag:h4|text_align:center|color:%23ffffff&#8220; use_theme_fonts=&#8220;yes&#8220;][vc_column_text css=&#8220;.vc_custom_1703668089407{margin-bottom: 0px !important;}&#8220;]<\/p>\n<p style=\"text-align: center;\"><span style=\"color: #ffffff;\">Liebe A4Pluskurs-Familie,<\/span><\/p>\n<p style=\"text-align: center;\"><span style=\"color: #ffffff;\">Wir haben in der letzten Woche in allen Kursen pers\u00f6nlich die Informationen \u00fcber die anstehenden Ver\u00e4nderungen weitergegeben. Damit alle unsere Mitglieder den gleichen Informationsstand haben, nachfolgend die wesentlichen Punkte der Ver\u00e4nderungen f\u00fcr 2024.<\/span><\/p>\n<p style=\"text-align: center;\"><span style=\"color: #ffffff;\">Die nachfolgenden Zeilen fallen uns nicht leicht zu schreiben.<\/span><\/p>\n<p>&nbsp;<\/p>\n<p style=\"text-align: center;\"><span style=\"color: #ffffff;\">Wir sch\u00e4tzen deine langj\u00e4hrige Treue und Unterst\u00fctzung in unserem Studio und bedanken uns, dass du bei uns Mitglied bist und teilweise schon im 18. Jahr. Nach sorgf\u00e4ltiger \u00dcberlegung m\u00fcssen wir leider ab dem 1. Januar 2024 Anpassungen vornehmen und unser Studio neu strukturieren. Einschneidende Ver\u00e4nderungen wie z.B. gesetzliche \u00c4nderungen, Gema-Geb\u00fchren oder Personal Engp\u00e4sse sowie pers\u00f6nliche Gr\u00fcnde erfordern eine Ver\u00e4nderung unseres bisherigen Studio Konzepts.<\/span><\/p>\n<p>&nbsp;<\/p>\n<p style=\"text-align: center;\"><span style=\"color: #ffffff;\">Wir haben uns intern entschieden, nicht komplett zu schlie\u00dfen, sondern in einem anderen Organisationsrahmen weiter zu machen. Wir k\u00f6nnen das bisherige Kursangebot einer Flatrate-mitgliedschaft nicht mehr aufrechterhalten. Leider m\u00fcssen wir insbesondere wegen der betriebswirtschaftlichen Auswirkung aufgrund des bayerischen LSG Urteils und der dringenden Empfehlung unseres Steuerberaters relativ kurzfristig die Ver\u00e4nderung vornehmen.<\/span><\/p>\n<p>&nbsp;<\/p>\n<p style=\"text-align: center;\"><span style=\"color: #ffffff;\">Daher wird ab dem 1. Januar 2024 unser bisheriges Kurskonzept mit einer Flatrate aller Kurse beendet. Wir stellen auf ein Kurssystem, analog der vhs um. Gleichzeitig werden wir die Ver\u00e4nderungen n\u00fctzen und unsere R\u00e4umlichkeiten neu gestalten und uns verkleinern. K\u00fcnftig werden nur die beiden unteren Kursr\u00e4ume (die wir verbinden werden und somit wesentlich vergr\u00f6\u00dfern) sowie unsere Aussenb\u00fchnen (im Sommer) verf\u00fcgbar sein.<\/span><\/p>\n<p style=\"text-align: center;\"><span style=\"color: #ffffff;\">Uns ist bewusst, dass sich f\u00fcr jeden Einzelnen eine pers\u00f6nliche Ver\u00e4nderung mit Vor- oder Nachteilen ergibt. Uns ist es pers\u00f6nlich wichtig, dass ihr nach wie vor die M\u00f6glichkeit habt, mit uns zu sporteln. Da war f\u00fcr uns intern auch der Hauptgrund nicht komplett zu schlie\u00dfen. Es ist keine Gesch\u00e4ftsaufgabe aber eine wesentliche Ver\u00e4nderung f\u00fcr alle Beteiligten.<\/span><\/p>\n<p style=\"text-align: center;\"><span style=\"color: #ffffff;\">Eure<\/span><br \/>\n<span style=\"color: #ffffff;\">Sophie und Sabine<\/span><\/p>\n<p>[\/vc_column_text][\/vc_column][\/vc_row][vc_row enable_grid_lines=&#8220;&#8220;][vc_column][vc_empty_space][\/vc_column][\/vc_row][vc_row gap=&#8220;15&#8243; equal_height=&#8220;yes&#8220; enable_grid_lines=&#8220;&#8220; css=&#8220;.vc_custom_1586074519271{padding-top: 50px !important;padding-bottom: 50px !important;background-color: #f6f6f6 !important;}&#8220;][vc_column width=&#8220;1\/2&#8243;][vc_icon type=&#8220;typicons&#8220; icon_typicons=&#8220;typcn typcn-news&#8220; color=&#8220;white&#8220; background_style=&#8220;rounded&#8220; background_color=&#8220;black&#8220; size=&#8220;lg&#8220; align=&#8220;center&#8220;][vc_custom_heading text=&#8220;Euer A4+ in den Nordbayrischen Nachrichten&#8220; font_container=&#8220;tag:h4|font_size:22|text_align:center|color:%233a3a3a|line_height:1.2&#8243; google_fonts=&#8220;font_family:Montserrat%3Aregular%2C700|font_style:400%20regular%3A400%3Anormal&#8220; link=&#8220;url:https%3A%2F%2Fwww.nordbayern.de%2Fregion%2Fhoechstadt%2Ffur-die-hochstadter-fitness-kurs-im-wohnzimmer-1.9969164%3Fsearched%3Dtrue||target:%20_blank|&#8220;][vc_column_text 0=&#8220;&#8220;]<\/p>\n<p style=\"text-align: center;\"><span style=\"color: #000000;\">Den gesamten Artikel von Rainer Groh findet ihr\u00a0<strong><a style=\"color: #000000;\" href=\"https:\/\/www.nordbayern.de\/region\/hoechstadt\/fur-die-hochstadter-fitness-kurs-im-wohnzimmer-1.9969164?searched=true\">hier<\/a><\/strong>.<\/span><\/p>\n<p style=\"text-align: center;\"><span style=\"color: #000000;\">Oder hier zum.<strong><a style=\"color: #000000;\" href=\"http:\/\/www.kursstudio.de\/wp-content\/uploads\/2020\/03\/Fitnesstraining-f\u00fcr-den-guten-Zweck.pdf\">downloaden.<\/a><\/strong><\/span><\/p>\n<p>[\/vc_column_text][vc_row_inner enable_grid_lines=&#8220;&#8220;][vc_column_inner][\/vc_column_inner][\/vc_row_inner][\/vc_column][vc_column width=&#8220;1\/2&#8243;][vc_icon type=&#8220;typicons&#8220; icon_typicons=&#8220;typcn typcn-news&#8220; color=&#8220;white&#8220; background_style=&#8220;rounded&#8220; background_color=&#8220;black&#8220; size=&#8220;lg&#8220; align=&#8220;center&#8220;][vc_column_text 0=&#8220;&#8220;]<\/p>\n<p style=\"text-align: center;\"><span style=\"color: #000000;\">Den gesamten Artikel von Karina Brock (Fr\u00e4nkischer Tag) findet ihr\u00a0<strong><a style=\"color: #000000;\" href=\"https:\/\/www.infranken.de\/regional\/erlangenhoechstadt\/schwitzen-via-internet;art215,4985730\">hier.<\/a><\/strong><\/span><\/p>\n<p style=\"text-align: center;\"><span style=\"color: #000000;\">Oder hier zum<strong><a style=\"color: #000000;\" href=\"http:\/\/www.kursstudio.de\/wp-content\/uploads\/2020\/03\/Druckartikel_-Schwitzen-via-Internet.pdf\"> download.<\/a><\/strong><\/span><\/p>\n<p>[\/vc_column_text][vc_single_image image=&#8220;3031&#8243; alignment=&#8220;center&#8220;][vc_single_image image=&#8220;2655&#8243; alignment=&#8220;center&#8220;][vc_custom_heading text=&#8220;Euer A4+ im Fr\u00e4nkischen Tag&#8220; font_container=&#8220;tag:h4|font_size:22|text_align:center|color:%233a3a3a|line_height:1.2&#8243; google_fonts=&#8220;font_family:Montserrat%3Aregular%2C700|font_style:400%20regular%3A400%3Anormal&#8220; link=&#8220;url:https%3A%2F%2Fwww.infranken.de%2Fregional%2Ferlangenhoechstadt%2Fschwitzen-via-internet%3Bart215%2C4985730||target:%20_blank|&#8220;][\/vc_column][\/vc_row][vc_row gap=&#8220;15&#8243; equal_height=&#8220;yes&#8220; enable_grid_lines=&#8220;&#8220; css=&#8220;.vc_custom_1586074519271{padding-top: 50px !important;padding-bottom: 50px !important;background-color: #f6f6f6 !important;}&#8220;][vc_column][vc_custom_heading text=&#8220;Weitere Artikel von eurem A4PlusKursstudio&#8220; font_container=&#8220;tag:h4|font_size:22|text_align:center|color:%233a3a3a|line_height:1.2&#8243; google_fonts=&#8220;font_family:Montserrat%3Aregular%2C700|font_style:400%20regular%3A400%3Anormal&#8220; link=&#8220;|||&#8220;][vc_column_text 0=&#8220;&#8220;]<\/p>\n<p style=\"text-align: center;\"><span style=\"color: #000000;\"><strong> <span style=\"color: #000000;\"><a style=\"color: #000000;\" href=\"http:\/\/www.kursstudio.de\/wp-content\/uploads\/2020\/03\/Mutter-und-Kind_-Babywerkstatt-lud-zum-Workshop-ein.pdf\">Mutter und Kind<\/a><\/span><\/strong><\/span><\/p>\n<p style=\"text-align: center;\"><span style=\"color: #000000;\"><strong><a style=\"color: #000000;\" href=\"http:\/\/www.kursstudio.de\/wp-content\/uploads\/2020\/03\/JumpingFitness_-L\u00e4ufst-du-noch-oder-jumpst-du-schon_.pdf\">JumpingFitness: L\u00e4ufst du noch oder jumpst du schon<\/a><\/strong><\/span><\/p>\n<p style=\"text-align: center;\"><span style=\"color: #000000;\"><strong><a style=\"color: #000000;\" href=\"http:\/\/www.kursstudio.de\/wp-content\/uploads\/2020\/03\/Hoechstadt-goes-fit_-H\u00f6chstadter-bewegen-sich-mit-viel-guter-Laune-und-Musik.pdf\">Hoechstadt goes fit<\/a><\/strong><\/span><\/p>\n<p style=\"text-align: center;\"><span style=\"color: #000000;\"><strong><a style=\"color: #000000;\" href=\"http:\/\/www.kursstudio.de\/wp-content\/uploads\/2020\/03\/So-bleiben-die-Hormone-in-Balance.pdf\">So bleiben die Hormone in Balance<\/a><\/strong><\/span><\/p>\n<p style=\"text-align: center;\"><span style=\"color: #000000;\"><strong><span style=\"color: #000000;\"><a style=\"color: #000000;\" href=\"http:\/\/www.kursstudio.de\/wp-content\/uploads\/2020\/03\/Fitnesstraining-f\u00fcr-den-guten-Zweck.pdf\">Fitnesstraining f\u00fcr den guten Zweck<\/a><\/span><\/strong><\/span><\/p>\n<p>[\/vc_column_text][vc_icon type=&#8220;typicons&#8220; icon_typicons=&#8220;typcn typcn-news&#8220; color=&#8220;white&#8220; background_style=&#8220;rounded&#8220; background_color=&#8220;black&#8220; size=&#8220;lg&#8220; align=&#8220;center&#8220;][vc_empty_space][\/vc_column][\/vc_row]<\/p>\n<\/section>","protected":false},"excerpt":{"rendered":"<p>[vc_row enable_grid_lines=&#8220;&#8220;][vc_column][vc_empty_space][vc_cta h2=&#8220;Aktuelle News (Aktionen, neue Kursangebote,&#8230;)&#8220; txt_align=&#8220;center&#8220;][\/vc_cta][\/vc_column][\/vc_row][vc_row enable_grid_lines=&#8220;&#8220;][vc_column width=&#8220;1\/3&#8243;][vc_single_image image=&#8220;5057&#8243; img_size=&#8220;medium&#8220; onclick=&#8220;img_link_large&#8220;][vc_empty_space][\/vc_column][vc_column width=&#8220;1\/3&#8243;][vc_single_image image=&#8220;5058&#8243; img_size=&#8220;medium&#8220; onclick=&#8220;img_link_large&#8220;][vc_empty_space][\/vc_column][\/vc_row][vc_row enable_grid_lines=&#8220;&#8220;][vc_column width=&#8220;1\/3&#8243;][\/vc_column][vc_column width=&#8220;1\/3&#8243;][\/vc_column][vc_column width=&#8220;1\/3&#8243;][\/vc_column][\/vc_row][vc_row enable_grid_lines=&#8220;&#8220;][vc_column][vc_empty_space][vc_cta h2=&#8220;Buche deine Stunden ab sofort online&#8220; txt_align=&#8220;center&#8220;][\/vc_cta][\/vc_column][\/vc_row][vc_row enable_grid_lines=&#8220;&#8220;][vc_column width=&#8220;1\/3&#8243;][vc_empty_space][vc_btn title=&#8220;Buchungen \u00fcber die Website&#8220; color=&#8220;danger&#8220; align=&#8220;center&#8220; link=&#8220;url:http%3A%2F%2Fwww.kursstudio.de%2F%3Fpage_id%3D1690&#8243;][\/vc_column][vc_column width=&#8220;1\/3&#8243;][vc_empty_space][vc_btn title=&#8220;\u00dcber [&hellip;]<\/p>\n","protected":false},"author":2,"featured_media":0,"parent":6,"menu_order":0,"comment_status":"closed","ping_status":"closed","template":"full-width.php","meta":{"footnotes":"","_links_to":"","_links_to_target":""},"_links":{"self":[{"href":"http:\/\/www.kursstudio.de\/index.php?rest_route=\/wp\/v2\/pages\/973"}],"collection":[{"href":"http:\/\/www.kursstudio.de\/index.php?rest_route=\/wp\/v2\/pages"}],"about":[{"href":"http:\/\/www.kursstudio.de\/index.php?rest_route=\/wp\/v2\/types\/page"}],"author":[{"embeddable":true,"href":"http:\/\/www.kursstudio.de\/index.php?rest_route=\/wp\/v2\/users\/2"}],"replies":[{"embeddable":true,"href":"http:\/\/www.kursstudio.de\/index.php?rest_route=%2Fwp%2Fv2%2Fcomments&post=973"}],"version-history":[{"count":1116,"href":"http:\/\/www.kursstudio.de\/index.php?rest_route=\/wp\/v2\/pages\/973\/revisions"}],"predecessor-version":[{"id":5059,"href":"http:\/\/www.kursstudio.de\/index.php?rest_route=\/wp\/v2\/pages\/973\/revisions\/5059"}],"up":[{"embeddable":true,"href":"http:\/\/www.kursstudio.de\/index.php?rest_route=\/wp\/v2\/pages\/6"}],"wp:attachment":[{"href":"http:\/\/www.kursstudio.de\/index.php?rest_route=%2Fwp%2Fv2%2Fmedia&parent=973"}],"curies":[{"name":"wp","href":"https:\/\/api.w.org\/{rel}","templated":true}]}}