{"id":2038,"date":"2018-11-28T18:16:26","date_gmt":"2018-11-28T16:16:26","guid":{"rendered":"http:\/\/www.kursstudio.de\/?page_id=2038"},"modified":"2023-12-26T17:26:07","modified_gmt":"2023-12-26T15:26:07","slug":"das-team-2","status":"publish","type":"page","link":"http:\/\/www.kursstudio.de\/?page_id=2038","title":{"rendered":"Dein Team"},"content":{"rendered":"<section class=\"wpb-content-wrapper\"><p>[vc_row enable_grid_lines=&#8220;&#8220; css=&#8220;.vc_custom_1586010358101{background-color: #f6f6f6 !important;}&#8220;][vc_column]\n\t\t\t<!-- START Slider 5 11 REVOLUTION SLIDER 6.1.5 --><p class=\"rs-p-wp-fix\"><\/p>\n\t\t\t<rs-module-wrap id=\"rev_slider_14_1_wrapper\" data-source=\"gallery\" style=\"background:transparent;padding:0;margin:0px auto;margin-top:0;margin-bottom:0;\">\n\t\t\t\t<rs-module id=\"rev_slider_14_1\" style=\"display:none;\" data-version=\"6.1.5\">\n\t\t\t\t\t<rs-slides>\n\t\t\t\t\t\t<rs-slide data-key=\"rs-39\" data-title=\"Slide\" data-anim=\"ei:d;eo:d;s:50;r:0;t:fade;sl:0;\">\n\t\t\t\t\t\t\t<img src=\"\/\/www.kursstudio.de\/wp-content\/plugins\/revslider\/public\/assets\/assets\/transparent.png\" title=\"polygon-vector-16\" width=\"650\" height=\"407\" data-bg=\"p:center top;c:#f6f6f6;\" class=\"rev-slidebg\" data-no-retina>\n<!--\n\t\t\t\t\t\t\t--><rs-layer\n\t\t\t\t\t\t\t\tid=\"slider-14-slide-39-layer-2\" \n\t\t\t\t\t\t\t\tdata-type=\"image\"\n\t\t\t\t\t\t\t\tdata-rsp_ch=\"on\"\n\t\t\t\t\t\t\t\tdata-xy=\"xo:127px,104px,79px,71px;yo:24px,19px,14px,12px;\"\n\t\t\t\t\t\t\t\tdata-text=\"w:normal;s:20,16,12,10;l:0,20,15,13;\"\n\t\t\t\t\t\t\t\tdata-dim=\"w:900px,743px,564px,507px;h:564px,465px,353px,317px;\"\n\t\t\t\t\t\t\t\tdata-frame_1=\"sp:60;\"\n\t\t\t\t\t\t\t\tdata-frame_999=\"o:0;st:w;sR:8940;\"\n\t\t\t\t\t\t\t\tstyle=\"z-index:8;\"\n\t\t\t\t\t\t\t><img src=\"\/\/www.kursstudio.de\/wp-content\/uploads\/2020\/04\/polygon-vector-16-2.jpg\" width=\"650\" height=\"407\" data-no-retina> \n\t\t\t\t\t\t\t<\/rs-layer><!--\n\n\t\t\t\t\t\t\t--><rs-layer\n\t\t\t\t\t\t\t\tid=\"slider-14-slide-39-layer-4\" \n\t\t\t\t\t\t\t\tdata-type=\"image\"\n\t\t\t\t\t\t\t\tdata-rsp_ch=\"on\"\n\t\t\t\t\t\t\t\tdata-xy=\"xo:11px,9px,6px,5px;yo:106px,87px,66px,59px;\"\n\t\t\t\t\t\t\t\tdata-text=\"w:normal;s:20,16,12,10;l:0,20,15,13;\"\n\t\t\t\t\t\t\t\tdata-dim=\"w:661px,545px,414px,372px;h:441px,364px,276px,248px;\"\n\t\t\t\t\t\t\t\tdata-frame_1=\"sp:0;\"\n\t\t\t\t\t\t\t\tdata-frame_999=\"o:0;st:w;sR:8330;\"\n\t\t\t\t\t\t\t\tstyle=\"z-index:9;\"\n\t\t\t\t\t\t\t><img src=\"\/\/www.kursstudio.de\/wp-content\/uploads\/2020\/04\/202004031593639007641774420-removebg-preview.png\" width=\"612\" height=\"408\" data-no-retina> \n\t\t\t\t\t\t\t<\/rs-layer><!--\n\n\t\t\t\t\t\t\t--><rs-layer\n\t\t\t\t\t\t\t\tid=\"slider-14-slide-39-layer-5\" \n\t\t\t\t\t\t\t\tdata-type=\"image\"\n\t\t\t\t\t\t\t\tdata-rsp_ch=\"on\"\n\t\t\t\t\t\t\t\tdata-xy=\"xo:783px,646px,490px,440px;yo:119px,98px,74px,66px;\"\n\t\t\t\t\t\t\t\tdata-text=\"w:normal;s:20,16,12,10;l:0,20,15,13;\"\n\t\t\t\t\t\t\t\tdata-dim=\"w:612px,505px,383px,344px;h:408px,336px,255px,229px;\"\n\t\t\t\t\t\t\t\tdata-frame_999=\"o:0;st:w;\"\n\t\t\t\t\t\t\t\tstyle=\"z-index:11;\"\n\t\t\t\t\t\t\t><img src=\"\/\/www.kursstudio.de\/wp-content\/uploads\/2020\/04\/202004035714970753336471487-removebg-preview.png\" width=\"612\" height=\"408\" data-no-retina> \n\t\t\t\t\t\t\t<\/rs-layer><!--\n\n\t\t\t\t\t\t\t--><rs-layer\n\t\t\t\t\t\t\t\tid=\"slider-14-slide-39-layer-6\" \n\t\t\t\t\t\t\t\tdata-type=\"text\"\n\t\t\t\t\t\t\t\tdata-color=\"#000000\"\n\t\t\t\t\t\t\t\tdata-rsp_ch=\"on\"\n\t\t\t\t\t\t\t\tdata-xy=\"xo:408px,336px,255px,229px;yo:207px,170px,129px,116px;\"\n\t\t\t\t\t\t\t\tdata-text=\"w:normal;s:83,68,51,45;l:104,85,64,57;\"\n\t\t\t\t\t\t\t\tdata-frame_1=\"st:1160;sp:1080;sR:1160;\"\n\t\t\t\t\t\t\t\tdata-frame_999=\"o:0;st:w;sR:6760;\"\n\t\t\t\t\t\t\t\tstyle=\"z-index:10;font-family:Ubuntu;\"\n\t\t\t\t\t\t\t>Dein Team \n\t\t\t\t\t\t\t<\/rs-layer><!--\n-->\t\t\t\t\t\t<\/rs-slide>\n\t\t\t\t\t<\/rs-slides>\n\t\t\t\t\t<rs-progress class=\"rs-bottom\" style=\"visibility: hidden !important;\"><\/rs-progress>\n\t\t\t\t<\/rs-module>\n\t\t\t\t<script type=\"text\/javascript\">\n\t\t\t\t\tsetREVStartSize({c: 'rev_slider_14_1',rl:[1240,1024,778,480],el:[650,768,960,720],gw:[1240,1024,778,700],gh:[650,300,800,300],layout:'fullwidth',mh:\"0\"});\n\t\t\t\t\tvar\trevapi14,\n\t\t\t\t\t\ttpj;\n\t\t\t\t\tjQuery(function() {\n\t\t\t\t\t\ttpj = jQuery;\n\t\t\t\t\t\tif(tpj(\"#rev_slider_14_1\").revolution == undefined){\n\t\t\t\t\t\t\trevslider_showDoubleJqueryError(\"#rev_slider_14_1\");\n\t\t\t\t\t\t}else{\n\t\t\t\t\t\t\trevapi14 = tpj(\"#rev_slider_14_1\").show().revolution({\n\t\t\t\t\t\t\t\tsliderType:\"hero\",\n\t\t\t\t\t\t\t\tjsFileLocation:\"\/\/www.kursstudio.de\/wp-content\/plugins\/revslider\/public\/assets\/js\/\",\n\t\t\t\t\t\t\t\tsliderLayout:\"fullwidth\",\n\t\t\t\t\t\t\t\tvisibilityLevels:\"1240,1024,778,480\",\n\t\t\t\t\t\t\t\tgridwidth:\"1240,1024,778,700\",\n\t\t\t\t\t\t\t\tgridheight:\"650,300,800,300\",\n\t\t\t\t\t\t\t\tminHeight:\"\",\n\t\t\t\t\t\t\t\tspinner:\"spinner0\",\n\t\t\t\t\t\t\t\teditorheight:\"650,768,960,720\",\n\t\t\t\t\t\t\t\tresponsiveLevels:\"1240,1024,778,480\",\n\t\t\t\t\t\t\t\tdisableProgressBar:\"on\",\n\t\t\t\t\t\t\t\tnavigation: {\n\t\t\t\t\t\t\t\t\tonHoverStop:false\n\t\t\t\t\t\t\t\t},\n\t\t\t\t\t\t\t\tfallbacks: {\n\t\t\t\t\t\t\t\t\tallowHTML5AutoPlayOnAndroid:true\n\t\t\t\t\t\t\t\t},\n\t\t\t\t\t\t\t});\n\t\t\t\t\t\t}\n\t\t\t\t\t\t\n\t\t\t\t\t});\n\t\t\t\t<\/script>\n\t\t\t<\/rs-module-wrap>\n\t\t\t<!-- END REVOLUTION SLIDER -->\n[vc_column_text][\/vc_column_text][\/vc_column][vc_column][\/vc_column][\/vc_row][vc_row gap=&#8220;15&#8243; equal_height=&#8220;yes&#8220; enable_grid_lines=&#8220;&#8220; css=&#8220;.vc_custom_1592166495053{padding-bottom: 50px !important;background-color: #f6f6f6 !important;}&#8220;][vc_column width=&#8220;1\/4&#8243;][\/vc_column][vc_column width=&#8220;1\/4&#8243;][vc_hoverbox image=&#8220;3002&#8243; primary_title=&#8220;&#8220; hover_title=&#8220;&#8220; shape=&#8220;round&#8220;]&#8220;Das A4PlusKursstudio bedeutet f\u00fcr mich nach Hause kommen. Es ist f\u00fcr mich kein Beruf &#8211; Es ist meine Leidenschaft.&#8220;[\/vc_hoverbox][vc_custom_heading text=&#8220;Sophie&#8220; font_container=&#8220;tag:h4|font_size:22|text_align:center|color:%233a3a3a|line_height:1.2&#8243; google_fonts=&#8220;font_family:Montserrat%3Aregular%2C700|font_style:400%20regular%3A400%3Anormal&#8220;][vc_column_text css=&#8220;.vc_custom_1586010197598{margin-bottom: 10px !important;}&#8220;]<\/p>\n<p style=\"text-align: center;\"><em>Gesch\u00e4ftsf\u00fchrerin<\/em><\/p>\n<p>[\/vc_column_text][vc_column_text 0=&#8220;&#8220;]<\/p>\n<p style=\"text-align: center;\">B-Lizenz Groupfitnessinstructor, B-Lizenz in Cardio, B-Lizenz in Dance-Aerobic, B-Lizenz in Step-Aerobic, Indoor Cycling Instructor, JUMPING Fitness\u00ae&#xfe0f; Instructor, DeepWork\u00ae&#xfe0f;- Instructor, Pilates-Instructor, BREAKLETICS\u00ae&#xfe0f; &#8211; Instructor, XCO\u00ae&#xfe0f;-Shape Instructor, ZUMBA\u00ae&#xfe0f; Fitness -Instructor, Aqua Fit, Aqua Jogging, Indoor Cycling (mit Cardio), Zumba\u00ae &amp; Bokwa\u00ae Instructor, Muskelvariation, Langhantel-Training, Functional Flow<\/p>\n<p>[\/vc_column_text][\/vc_column][vc_column width=&#8220;1\/4&#8243;][vc_hoverbox image=&#8220;2998&#8243; primary_title=&#8220;&#8220; hover_title=&#8220;&#8220; shape=&#8220;round&#8220;]\u201eDas A4PlusKursStudio ist Teil meiner Familie und mit dem Einstieg meiner Tochter Sophie ist ein Traum in Erf\u00fcllung gegangen.&#8220;[\/vc_hoverbox][vc_custom_heading text=&#8220;Sabine&#8220; font_container=&#8220;tag:h4|font_size:22|text_align:center|color:%233a3a3a|line_height:1.2&#8243; google_fonts=&#8220;font_family:Montserrat%3Aregular%2C700|font_style:400%20regular%3A400%3Anormal&#8220;][vc_column_text css=&#8220;.vc_custom_1586011071668{margin-bottom: 10px !important;}&#8220;]<\/p>\n<p style=\"text-align: center;\"><em>Stellv. Gesch\u00e4ftsf\u00fchrerin<\/em><\/p>\n<p>[\/vc_column_text][vc_column_text 0=&#8220;&#8220;]<\/p>\n<p style=\"text-align: center;\">Trainerin seit \u00fcber 20 Jahren, B-, A- bis Euro-Lizenzen, Step Aerobic, Indoor Cycling, KIDS Dance, Dance, Zumba\u00ae, Schwunghantel-Training, Muskeltraining, Pilates, Wirbels\u00e4ulengymnastik, Der Bewegte R\u00fccken, Bf &amp; Fb Abnehmprogramm, Ern\u00e4hrung, Faszientraining, Yoga<\/p>\n<p>[\/vc_column_text][\/vc_column][vc_column width=&#8220;1\/4&#8243;][\/vc_column][\/vc_row][vc_row gap=&#8220;15&#8243; equal_height=&#8220;yes&#8220; enable_grid_lines=&#8220;&#8220; css=&#8220;.vc_custom_1592166554620{padding-bottom: 50px !important;background-color: #f3c8b3 !important;}&#8220;][vc_column width=&#8220;1\/5&#8243;][vc_hoverbox image=&#8220;1836&#8243; primary_title=&#8220;&#8220; hover_title=&#8220;&#8220; shape=&#8220;round&#8220;]\u201eSport in Verbindung mit Spa\u00df &amp; netten Leuten. Vergessen des Alltags. Freizeit.\u201c[\/vc_hoverbox][vc_custom_heading text=&#8220;Caro&#8220; font_container=&#8220;tag:h4|font_size:22|text_align:center|color:%233a3a3a|line_height:1.2&#8243; google_fonts=&#8220;font_family:Montserrat%3Aregular%2C700|font_style:400%20regular%3A400%3Anormal&#8220;][vc_column_text 0=&#8220;&#8220;]<\/p>\n<p style=\"text-align: center;\">B-Lizenz Diplom-Aerobic Instructor, Pilates Ausbildung + Zumba\u00ae-Instructor,\u00a0 Wirbels\u00e4ulengymnastik-Fortbildungen &amp; Workshops, Step-Fortbildungen &amp; Workshops, Bodystyling, Bauch-Beine-Po, Jumping Fitness, Mukeltraining, Cardiotraining, Training mit Hilfsmitteln<\/p>\n<p>[\/vc_column_text][\/vc_column][vc_column width=&#8220;1\/5&#8243;][vc_hoverbox image=&#8220;3012&#8243; primary_title=&#8220;&#8220; hover_title=&#8220;&#8220; shape=&#8220;round&#8220;]\u201eDie Umsetzung der Philosophie: \u201aBalance finden durch Freu(n)de, Spa\u00df, Wohlbefinden beim Sport\u2018; Mit Gleichgesinnten den \u201ainneren Schweinehund \u00fcberwinden\u2018 \u201c[\/vc_hoverbox][vc_custom_heading text=&#8220;Elmar&#8220; font_container=&#8220;tag:h4|font_size:22|text_align:center|color:%233a3a3a|line_height:1.2&#8243; google_fonts=&#8220;font_family:Montserrat%3Aregular%2C700|font_style:400%20regular%3A400%3Anormal&#8220;][vc_column_text 0=&#8220;&#8220;]<\/p>\n<p style=\"text-align: center;\">Smovey Instructor,Jumping Fitness, Indoor Cycling, Langstreckenlauf, Schwimmen, Radfahren, Fitness-Trainer, Leichtathletik C-Trainer, Gesundheitscoach (www.gerne-coaching.de)<\/p>\n<p>[\/vc_column_text][\/vc_column][vc_column width=&#8220;1\/5&#8243;][vc_hoverbox image=&#8220;3013&#8243; primary_title=&#8220;&#8220; hover_title=&#8220;&#8220; shape=&#8220;round&#8220;]&#8220;Das A4+ bedeutet f\u00fcr mich: Freiheit. Wohlbefinden. Spa\u00df und Familie. Nach einem langen Arbeitstag freue ich mich, mit anderen Sportbegeisterten zu schwitzen und den Kopf frei zubekommen.\u201c[\/vc_hoverbox][vc_custom_heading text=&#8220;Zissi&#8220; font_container=&#8220;tag:h4|font_size:22|text_align:center|color:%233a3a3a|line_height:1.2&#8243; google_fonts=&#8220;font_family:Montserrat%3Aregular%2C700|font_style:400%20regular%3A400%3Anormal&#8220;][vc_column_text 0=&#8220;&#8220;]<\/p>\n<p style=\"text-align: center;\">B-Lizens Groupfitnessinstructor, Tabata, HIIT, Cardio,Dance, Functional Flow<\/p>\n<p>[\/vc_column_text][\/vc_column][vc_column width=&#8220;1\/5&#8243;][vc_hoverbox image=&#8220;3020&#8243; primary_title=&#8220;&#8220; hover_title=&#8220;&#8220; shape=&#8220;round&#8220;]<\/p>\n<p style=\"text-align: center;\">\u201eAusgleich zum Alltag; Entspannung; etwas f\u00fcr sich tun; K\u00f6rpergef\u00fchl; Spa\u00df&#8220;<\/p>\n<p>[\/vc_hoverbox][vc_custom_heading text=&#8220;Kathrin&#8220; font_container=&#8220;tag:h4|font_size:22|text_align:center|color:%233a3a3a|line_height:1.2&#8243; google_fonts=&#8220;font_family:Montserrat%3Aregular%2C700|font_style:400%20regular%3A400%3Anormal&#8220;][vc_column_text 0=&#8220;&#8220;]<\/p>\n<p style=\"text-align: center;\">lizenziert Yoga Trainerin<\/p>\n<p>[\/vc_column_text][\/vc_column][vc_column width=&#8220;1\/5&#8243;][vc_hoverbox image=&#8220;3203&#8243; primary_title=&#8220;&#8220; hover_title=&#8220;&#8220; shape=&#8220;round&#8220;]<span style=\"font-size: 9.0pt; font-family: 'Verdana',sans-serif;\">&#8222;Das A4Plus ist f\u00fcr mich mein zweites Wohnzimmer:Gemeinsam finden wir Ruhe, tanken Kraft, und haben Freude an der Bewegung.&#8220;<\/span>[\/vc_hoverbox][vc_custom_heading text=&#8220;Stephi&#8220; font_container=&#8220;tag:h4|font_size:22|text_align:center|color:%233a3a3a|line_height:1.2&#8243; google_fonts=&#8220;font_family:Montserrat%3Aregular%2C700|font_style:400%20regular%3A400%3Anormal&#8220;][vc_column_text 0=&#8220;&#8220;]<\/p>\n<p style=\"text-align: center;\"><span style=\"font-size: 9.0pt; font-family: 'Verdana',sans-serif;\">Hatha- Yoga Lehrerin (200h nach YogaAlliance), YinYoga Lehrerin (Zusatzausbildung 30h)<\/span><\/p>\n<p>[\/vc_column_text][\/vc_column][\/vc_row]<\/p>\n<\/section>","protected":false},"excerpt":{"rendered":"<p>[vc_row enable_grid_lines=&#8220;&#8220; css=&#8220;.vc_custom_1586010358101{background-color: #f6f6f6 !important;}&#8220;][vc_column][vc_column_text][\/vc_column_text][\/vc_column][vc_column][\/vc_column][\/vc_row][vc_row gap=&#8220;15&#8243; equal_height=&#8220;yes&#8220; enable_grid_lines=&#8220;&#8220; css=&#8220;.vc_custom_1592166495053{padding-bottom: 50px !important;background-color: #f6f6f6 !important;}&#8220;][vc_column width=&#8220;1\/4&#8243;][\/vc_column][vc_column width=&#8220;1\/4&#8243;][vc_hoverbox image=&#8220;3002&#8243; primary_title=&#8220;&#8220; hover_title=&#8220;&#8220; shape=&#8220;round&#8220;]&#8220;Das A4PlusKursstudio bedeutet f\u00fcr mich nach Hause kommen. Es ist f\u00fcr mich kein Beruf &#8211; Es ist meine Leidenschaft.&#8220;[\/vc_hoverbox][vc_custom_heading text=&#8220;Sophie&#8220; font_container=&#8220;tag:h4|font_size:22|text_align:center|color:%233a3a3a|line_height:1.2&#8243; google_fonts=&#8220;font_family:Montserrat%3Aregular%2C700|font_style:400%20regular%3A400%3Anormal&#8220;][vc_column_text [&hellip;]<\/p>\n","protected":false},"author":2,"featured_media":0,"parent":0,"menu_order":0,"comment_status":"closed","ping_status":"closed","template":"full-width.php","meta":{"footnotes":"","_links_to":"","_links_to_target":""},"_links":{"self":[{"href":"http:\/\/www.kursstudio.de\/index.php?rest_route=\/wp\/v2\/pages\/2038"}],"collection":[{"href":"http:\/\/www.kursstudio.de\/index.php?rest_route=\/wp\/v2\/pages"}],"about":[{"href":"http:\/\/www.kursstudio.de\/index.php?rest_route=\/wp\/v2\/types\/page"}],"author":[{"embeddable":true,"href":"http:\/\/www.kursstudio.de\/index.php?rest_route=\/wp\/v2\/users\/2"}],"replies":[{"embeddable":true,"href":"http:\/\/www.kursstudio.de\/index.php?rest_route=%2Fwp%2Fv2%2Fcomments&post=2038"}],"version-history":[{"count":51,"href":"http:\/\/www.kursstudio.de\/index.php?rest_route=\/wp\/v2\/pages\/2038\/revisions"}],"predecessor-version":[{"id":4940,"href":"http:\/\/www.kursstudio.de\/index.php?rest_route=\/wp\/v2\/pages\/2038\/revisions\/4940"}],"wp:attachment":[{"href":"http:\/\/www.kursstudio.de\/index.php?rest_route=%2Fwp%2Fv2%2Fmedia&parent=2038"}],"curies":[{"name":"wp","href":"https:\/\/api.w.org\/{rel}","templated":true}]}}